{"id":95,"date":"2017-12-22T12:50:23","date_gmt":"2017-12-22T12:50:23","guid":{"rendered":"https:\/\/wp.campingpalazzina.ch\/?page_id=95"},"modified":"2023-02-07T16:44:21","modified_gmt":"2023-02-07T16:44:21","slug":"amenities","status":"publish","type":"page","link":"https:\/\/www.campingpalazzina.ch\/index.php\/amenities\/","title":{"rendered":"Servizi"},"content":{"rendered":"<p>[vc_row][vc_column icons_position=&#8221;left&#8221;][vc_empty_space height=&#8221;5.8vw&#8221; alter_height=&#8221;none&#8221; hide_on_desktop=&#8221;&#8221; hide_on_notebook=&#8221;&#8221; hide_on_tablet=&#8221;&#8221; hide_on_mobile=&#8221;&#8221;][vc_row_inner][vc_column_inner width=&#8221;1\/12&#8243; icons_position=&#8221;left&#8221;][\/vc_column_inner][vc_column_inner width=&#8221;5\/6&#8243; icons_position=&#8221;left&#8221;]<div id=\"sc_title_202819074\"\n\t\tclass=\"sc_title color_style_default sc_title_default  vc_custom_1675173503538\"><h2 class=\"sc_item_title sc_title_title sc_align_center sc_item_title_style_default\">I nostri servizi<\/h2><h6 class=\"sc_item_subtitle sc_title_subtitle sc_align_center sc_item_title_style_default\">Unser Angebot \/ Our Services<\/h6><\/div><!-- \/.sc_title -->[vc_single_image image=&#8221;1630&#8243; img_size=&#8221;1057&#215;414&#8243; alignment=&#8221;center&#8221;]<div id=\"sc_icons_1125459489\" \n\tclass=\"sc_icons sc_icons_default sc_icons_size_medium sc_align_center  vc_custom_1675686730314\"><div class=\"sc_icons_columns_wrap sc_item_columns trx_addons_columns_wrap columns_padding_bottom\"><div class=\"trx_addons_column-1_5\"><div class=\"sc_icons_item\"><div id=\"sc_icons_1125459489_icon-022_bath\" class=\"sc_icons_icon sc_icon_type_ icon-022_bath\"\n\t\t\t\t\t\t style=\"color: #f2682a\"\t\t\t\t\t\t><span class=\"sc_icon_type_ icon-022_bath\" style=\"color: #f2682a\"><\/span><\/div><h4 class=\"sc_icons_item_title\"><span>Docce \/  Duches \/ Showers<\/span><\/h4><\/div><\/div><div class=\"trx_addons_column-1_5\"><div class=\"sc_icons_item\"><div id=\"sc_icons_1125459489_icon-male\" class=\"sc_icons_icon sc_icon_type_ icon-male\"\n\t\t\t\t\t\t style=\"color: #f2682a\"\t\t\t\t\t\t><span class=\"sc_icon_type_ icon-male\" style=\"color: #f2682a\"><\/span><\/div><h4 class=\"sc_icons_item_title\"><span>Bagni \/ WC<\/span><\/h4><\/div><\/div><div class=\"trx_addons_column-1_5\"><div class=\"sc_icons_item\"><div id=\"sc_icons_1125459489_icon-026_food\" class=\"sc_icons_icon sc_icon_type_ icon-026_food\"\n\t\t\t\t\t\t style=\"color: #f2682a\"\t\t\t\t\t\t><span class=\"sc_icon_type_ icon-026_food\" style=\"color: #f2682a\"><\/span><\/div><h4 class=\"sc_icons_item_title\"><span>Ristorante \/ REstaurant <\/span><\/h4><\/div><\/div><div class=\"trx_addons_column-1_5\"><div class=\"sc_icons_item\"><div id=\"sc_icons_1125459489_icon-027_freewifi\" class=\"sc_icons_icon sc_icon_type_ icon-027_freewifi\"\n\t\t\t\t\t\t style=\"color: #f2682a\"\t\t\t\t\t\t><span class=\"sc_icon_type_ icon-027_freewifi\" style=\"color: #f2682a\"><\/span><\/div><h4 class=\"sc_icons_item_title\"><span>Free Wi-Fi<\/span><\/h4><\/div><\/div><div class=\"trx_addons_column-1_5\"><div class=\"sc_icons_item\"><div id=\"sc_icons_1125459489_icon-028_pets\" class=\"sc_icons_icon sc_icon_type_ icon-028_pets\"\n\t\t\t\t\t\t style=\"color: #f2682a\"\t\t\t\t\t\t><span class=\"sc_icon_type_ icon-028_pets\" style=\"color: #f2682a\"><\/span><\/div><h4 class=\"sc_icons_item_title\"><span>Pets Friendly<\/span><\/h4><\/div><\/div><\/div><\/div><!-- \/.sc_icons -->[\/vc_column_inner][vc_column_inner width=&#8221;1\/12&#8243; icons_position=&#8221;left&#8221;][\/vc_column_inner][\/vc_row_inner][vc_row_inner el_id=&#8221;Servizi&#8221;][vc_column_inner width=&#8221;1\/12&#8243; icons_position=&#8221;left&#8221;][\/vc_column_inner][vc_column_inner width=&#8221;1\/12&#8243; icons_position=&#8221;left&#8221;][\/vc_column_inner][vc_column_inner icons_position=&#8221;left&#8221;]<div id=\"sc_services_1896578941\" class=\"sc_services color_style_default sc_services_default sc_services_featured_top\"><div class=\"sc_services_columns_wrap sc_item_columns sc_item_posts_container sc_item_columns_3 trx_addons_columns_wrap columns_padding_bottom\"><div class=\"trx_addons_column-1_3\"><div class=\"sc_services_item no_links with_content with_image sc_services_item_featured_top post-188 cpt_services type-cpt_services status-publish has-post-thumbnail hentry cpt_services_group-ristorazione cpt_services_group-camping-services\">\n\t<div class=\"post_featured with_thumb hover_icon sc_services_item_thumb\"><img loading=\"lazy\" decoding=\"async\" width=\"407\" height=\"275\" src=\"https:\/\/www.campingpalazzina.ch\/wp-content\/uploads\/2017\/12\/F78I4145-407x275.gif\" class=\"attachment-the_mounty-thumb-med size-the_mounty-thumb-med wp-post-image\" alt=\"\" \/><div class=\"mask\"><\/div><div class=\"icons\"><a href=\"javascript:void(0)\" aria-hidden=\"true\" class=\"icon-015_link\"><\/a><\/div><\/div>\t\n\t<div class=\"sc_services_item_info\">\n\t\t<div class=\"sc_services_item_header\">\n\t\t\t<h4 class=\"sc_services_item_title\">Ristorante \/ Restaurant<\/h4>\n\t\t\t<div class=\"sc_services_item_subtitle\"><span data-href=\"https:\/\/www.campingpalazzina.ch\/index.php\/services_group\/ristorazione\/\" title=\"View all posts in Ristorazione\">Ristorazione, <\/span><span data-href=\"https:\/\/www.campingpalazzina.ch\/index.php\/services_group\/camping-services\/\" title=\"View all posts in Servizi Campeggio\">Servizi Campeggio<\/span><\/div>\n\t\t<\/div>\n\t\t\t\t\t<div class=\"sc_services_item_content\"><p>Ristorante con servizio pranzo e cena<\/p>\n<\/div><\/div>\n<\/div>\n<\/div><div class=\"trx_addons_column-1_3\"><div class=\"sc_services_item no_links with_content with_image sc_services_item_featured_top post-189 cpt_services type-cpt_services status-publish has-post-thumbnail hentry cpt_services_group-camping-services\">\n\t<div class=\"post_featured with_thumb hover_icon sc_services_item_thumb\"><img loading=\"lazy\" decoding=\"async\" width=\"407\" height=\"275\" src=\"https:\/\/www.campingpalazzina.ch\/wp-content\/uploads\/2017\/12\/IMG_20200229_14502311764-407x275.jpg\" class=\"attachment-the_mounty-thumb-med size-the_mounty-thumb-med wp-post-image\" alt=\"\" \/><div class=\"mask\"><\/div><div class=\"icons\"><a href=\"javascript:void(0)\" aria-hidden=\"true\" class=\"icon-015_link\"><\/a><\/div><\/div>\t\n\t<div class=\"sc_services_item_info\">\n\t\t<div class=\"sc_services_item_header\">\n\t\t\t<h4 class=\"sc_services_item_title\">Servizi igienici \/ WC<\/h4>\n\t\t\t<div class=\"sc_services_item_subtitle\"><span data-href=\"https:\/\/www.campingpalazzina.ch\/index.php\/services_group\/camping-services\/\" title=\"View all posts in Servizi Campeggio\">Servizi Campeggio<\/span><\/div>\n\t\t<\/div>\n\t\t\t\t\t<div class=\"sc_services_item_content\"><p>Servizi igienici privati \/ Privat Toiletten<\/p>\n<\/div><\/div>\n<\/div>\n<\/div><div class=\"trx_addons_column-1_3\"><div class=\"sc_services_item no_links with_content with_image sc_services_item_featured_top post-190 cpt_services type-cpt_services status-publish has-post-thumbnail hentry cpt_services_group-camping-services\">\n\t<div class=\"post_featured with_thumb hover_icon sc_services_item_thumb\"><img loading=\"lazy\" decoding=\"async\" width=\"407\" height=\"275\" src=\"https:\/\/www.campingpalazzina.ch\/wp-content\/uploads\/2017\/12\/IMG_20200229_14505711765-407x275.jpg\" class=\"attachment-the_mounty-thumb-med size-the_mounty-thumb-med wp-post-image\" alt=\"\" \/><div class=\"mask\"><\/div><div class=\"icons\"><a href=\"javascript:void(0)\" aria-hidden=\"true\" class=\"icon-015_link\"><\/a><\/div><\/div>\t\n\t<div class=\"sc_services_item_info\">\n\t\t<div class=\"sc_services_item_header\">\n\t\t\t<h4 class=\"sc_services_item_title\">Docce \/ Dusche<\/h4>\n\t\t\t<div class=\"sc_services_item_subtitle\"><span data-href=\"https:\/\/www.campingpalazzina.ch\/index.php\/services_group\/camping-services\/\" title=\"View all posts in Servizi Campeggio\">Servizi Campeggio<\/span><\/div>\n\t\t<\/div>\n\t\t\t\t\t<div class=\"sc_services_item_content\"><p>Docce private<\/p>\n<\/div><\/div>\n<\/div>\n<\/div><\/div><\/div><!-- \/.sc_services -->[\/vc_column_inner][\/vc_row_inner][\/vc_column][\/vc_row][vc_row full_width=&#8221;stretch_row_content_no_spaces&#8221; hide_bg_image_on_tablet=&#8221;&#8221; hide_bg_image_on_mobile=&#8221;&#8221; css=&#8221;.vc_custom_1526732434775{background-color: #efeeea !important;}&#8221;][vc_column icons_position=&#8221;left&#8221;]<div  id=\"sc_testimonials_1341032654\"\t\tclass=\"sc_testimonials color_style_default sc_testimonials_default\"><h2 class=\"sc_item_title sc_testimonials_title sc_align_center sc_item_title_style_default\">Dicono di noi<\/h2><h6 class=\"sc_item_subtitle sc_testimonials_subtitle sc_align_center sc_item_title_style_default\">testimonials<\/h6><div class=\"sc_testimonials_columns_wrap sc_item_columns trx_addons_columns_wrap columns_padding_bottom\"><div class=\"trx_addons_column-1_3\"><div class=\"sc_testimonials_item\">\n        <div class=\"sc_testimonials_item_content\"><p>Seit \u00fcber 2 Jahren verbringe ich mit meiner Freundin Katia unbeschwerte und gem\u00fctliche Tage auf dem Camping Palazzina.<\/p>\n<\/div>\n    <div class=\"sc_testimonials_item_author_data\">\n        <h4 class=\"sc_testimonials_item_author_title\">Mal\u00f9<\/h4>\n                    <div class=\"sc_testimonials_item_author_subtitle\">28 y.o.<\/div>\n            \n    <\/div>\n<\/div>\n<\/div><div class=\"trx_addons_column-1_3\"><div class=\"sc_testimonials_item\">\n        <div class=\"sc_testimonials_item_content\"><p>Es ist jedes Jahr ein Vergn\u00fcgen, zum Camping Palazzina in Mezzovico zur\u00fcckzukehren. Es ist leicht zu erreichen und liegt in der N\u00e4he der Autobahn, des Bahnhofs und vieler touristischer Attraktionen des Tessins.<\/p>\n<\/div>\n    <div class=\"sc_testimonials_item_author_data\">\n        <h4 class=\"sc_testimonials_item_author_title\">Prisca<\/h4>\n                    <div class=\"sc_testimonials_item_author_subtitle\">25 y.o.<\/div>\n            \n    <\/div>\n<\/div>\n<\/div><div class=\"trx_addons_column-1_3\"><div class=\"sc_testimonials_item\">\n        <div class=\"sc_testimonials_item_content\"><p>Staff always friendly and helpful. Convenient in its location, having the restaurant inside is definitely appreciable. Thanks<\/p>\n<\/div>\n    <div class=\"sc_testimonials_item_author_data\">\n        <h4 class=\"sc_testimonials_item_author_title\">Patrick<\/h4>\n                    <div class=\"sc_testimonials_item_author_subtitle\">32 y.o.<\/div>\n            \n    <\/div>\n<\/div>\n<\/div><\/div><\/div><!-- \/.sc_testimonials -->[\/vc_column][\/vc_row][vc_row full_width=&#8221;stretch_row_content_no_spaces&#8221; hide_bg_image_on_tablet=&#8221;&#8221; hide_bg_image_on_mobile=&#8221;&#8221; css=&#8221;.vc_custom_1675718528498{background-color: #efeeea !important;}&#8221;][vc_column icons_position=&#8221;left&#8221; css=&#8221;.vc_custom_1675718627482{margin-left: 100px !important;}&#8221;][vc_images_carousel images=&#8221;1773,1772,1771,1770,1769,1767,1764,1762,1761,1759,1758,1757,1756,1755,1753,1752,1751,1749,1748,1747,1746,1745,1742,1741,1740,1736,1728,1727,1725,1724,1723,1722,1721,1720&#8243; img_size=&#8221;large&#8221; slides_per_view=&#8221;&#8221; title=&#8221;Gallery&#8221; css=&#8221;.vc_custom_1675788239737{margin-left: 150px !important;}&#8221;][\/vc_column][\/vc_row]<\/p>\n","protected":false},"excerpt":{"rendered":"<p>[vc_row][vc_column icons_position=&#8221;left&#8221;][vc_empty_space height=&#8221;5.8vw&#8221; alter_height=&#8221;none&#8221; hide_on_desktop=&#8221;&#8221; hide_on_notebook=&#8221;&#8221; hide_on_tablet=&#8221;&#8221; hide_on_mobile=&#8221;&#8221;][vc_row_inner][vc_column_inner width=&#8221;1\/12&#8243; icons_position=&#8221;left&#8221;][\/vc_column_inner][vc_column_inner width=&#8221;5\/6&#8243; icons_position=&#8221;left&#8221;][vc_single_image image=&#8221;1630&#8243; img_size=&#8221;1057&#215;414&#8243; alignment=&#8221;center&#8221;][\/vc_column_inner][vc_column_inner width=&#8221;1\/12&#8243; icons_position=&#8221;left&#8221;][\/vc_column_inner][\/vc_row_inner][vc_row_inner el_id=&#8221;Servizi&#8221;][vc_column_inner width=&#8221;1\/12&#8243; icons_position=&#8221;left&#8221;][\/vc_column_inner][vc_column_inner width=&#8221;1\/12&#8243; icons_position=&#8221;left&#8221;][\/vc_column_inner][vc_column_inner icons_position=&#8221;left&#8221;][\/vc_column_inner][\/vc_row_inner][\/vc_column][\/vc_row][vc_row full_width=&#8221;stretch_row_content_no_spaces&#8221; hide_bg_image_on_tablet=&#8221;&#8221; hide_bg_image_on_mobile=&#8221;&#8221; css=&#8221;.vc_custom_1526732434775{background-color: #efeeea !important;}&#8221;][vc_column icons_position=&#8221;left&#8221;][\/vc_column][\/vc_row][vc_row full_width=&#8221;stretch_row_content_no_spaces&#8221; hide_bg_image_on_tablet=&#8221;&#8221; hide_bg_image_on_mobile=&#8221;&#8221; css=&#8221;.vc_custom_1675718528498{background-color: #efeeea !important;}&#8221;][vc_column icons_position=&#8221;left&#8221; css=&#8221;.vc_custom_1675718627482{margin-left: 100px !important;}&#8221;][vc_images_carousel images=&#8221;1773,1772,1771,1770,1769,1767,1764,1762,1761,1759,1758,1757,1756,1755,1753,1752,1751,1749,1748,1747,1746,1745,1742,1741,1740,1736,1728,1727,1725,1724,1723,1722,1721,1720&#8243; img_size=&#8221;large&#8221; slides_per_view=&#8221;&#8221; title=&#8221;Gallery&#8221; css=&#8221;.vc_custom_1675788239737{margin-left: 150px !important;}&#8221;][\/vc_column][\/vc_row]<\/p>\n","protected":false},"author":1,"featured_media":0,"parent":0,"menu_order":0,"comment_status":"closed","ping_status":"closed","template":"","meta":{"footnotes":""},"class_list":["post-95","page","type-page","status-publish","hentry"],"_links":{"self":[{"href":"https:\/\/www.campingpalazzina.ch\/index.php\/wp-json\/wp\/v2\/pages\/95","targetHints":{"allow":["GET"]}}],"collection":[{"href":"https:\/\/www.campingpalazzina.ch\/index.php\/wp-json\/wp\/v2\/pages"}],"about":[{"href":"https:\/\/www.campingpalazzina.ch\/index.php\/wp-json\/wp\/v2\/types\/page"}],"author":[{"embeddable":true,"href":"https:\/\/www.campingpalazzina.ch\/index.php\/wp-json\/wp\/v2\/users\/1"}],"replies":[{"embeddable":true,"href":"https:\/\/www.campingpalazzina.ch\/index.php\/wp-json\/wp\/v2\/comments?post=95"}],"version-history":[{"count":32,"href":"https:\/\/www.campingpalazzina.ch\/index.php\/wp-json\/wp\/v2\/pages\/95\/revisions"}],"predecessor-version":[{"id":1823,"href":"https:\/\/www.campingpalazzina.ch\/index.php\/wp-json\/wp\/v2\/pages\/95\/revisions\/1823"}],"wp:attachment":[{"href":"https:\/\/www.campingpalazzina.ch\/index.php\/wp-json\/wp\/v2\/media?parent=95"}],"curies":[{"name":"wp","href":"https:\/\/api.w.org\/{rel}","templated":true}]}}