{"id":90,"date":"2017-12-22T12:49:00","date_gmt":"2017-12-22T12:49:00","guid":{"rendered":"https:\/\/wp.campingpalazzina.ch\/?page_id=90"},"modified":"2023-02-09T10:26:36","modified_gmt":"2023-02-09T10:26:36","slug":"about-us-style-1","status":"publish","type":"page","link":"https:\/\/www.campingpalazzina.ch\/index.php\/about-us-style-1\/","title":{"rendered":"Chi siamo"},"content":{"rendered":"<p>[vc_row hide_bg_image_on_tablet=&#8221;&#8221; hide_bg_image_on_mobile=&#8221;&#8221; css=&#8221;.vc_custom_1528968706455{margin-top: -6vw !important;}&#8221;][vc_column width=&#8221;1\/2&#8243; hide_bg_image_on_tablet=&#8221;&#8221; hide_bg_image_on_mobile=&#8221;&#8221; icons_position=&#8221;left&#8221; css=&#8221;.vc_custom_1528968710266{margin-top: 6vw !important;}&#8221;][vc_empty_space height=&#8221;4vw&#8221; alter_height=&#8221;none&#8221; hide_on_desktop=&#8221;&#8221; hide_on_notebook=&#8221;&#8221; hide_on_tablet=&#8221;1&#8243; hide_on_mobile=&#8221;1&#8243;]<div id=\"sc_icons_2070151277\" \n\tclass=\"sc_icons sc_icons_default sc_icons_size_medium sc_align_center\"><h2 class=\"sc_item_title sc_icons_title sc_align_center sc_item_title_style_default\">La nostra storia<\/h2><h6 class=\"sc_item_subtitle sc_icons_subtitle sc_align_center sc_item_title_style_default\">dal 1984<\/h6><div class=\"sc_item_descr sc_icons_descr sc_align_center\"><p>Dal 1984 la famiglia Scoglio gestisce il campeggio. Centinaia di amanti delle vacanze itineranti scelgonoquesta meta  per la vicininza con tutti i servizi. Katia vi accoglie con la sua gentilezza e disponibilit\u00e0 per soggiorni di qualsiasi durata. Siamo vicini a molteplici attivit\u00e0, Splash and Spa Rivera, Parco Avventura Monte Tamaro, Stazione FFS.<br \/>\nPIsta ciclabile con partenza dal Camping Palazzina, Trekking e passeggiate lungo il fiume.<br \/>\nRistorante, docce e servizi igienici privati<\/p>\n<p>Die Familie Scoglio betreibt den Campingplatz seit 1984. Hunderte von Liebhabern des Wanderurlaubs w\u00e4hlen dieses Reiseziel wegen seiner N\u00e4he zu allen Annehmlichkeiten. Katia empf\u00e4ngt Sie mit ihrer Freundlichkeit und Verf\u00fcgbarkeit f\u00fcr Aufenthalte jeglicher L\u00e4nge. Wir sind in der N\u00e4he von vielen Aktivit\u00e4ten, Splash und Spa Rivera, Monte Tamaro Adventure Park, SBB-Bahnhof. Radweg ab Camping Palazzina, Trekking und Spazierg\u00e4nge entlang des Flusses.<br \/>\nRestaurant, Duschen und Privattoiletten<\/p>\n<p>The Scoglio family has been running the campsite since 1984. Hundreds of touring holiday lovers choose this destination for its proximity to all amenities. Katia welcomes you with her kindness and availability for stays of any length. We are close to many activities, Splash and Spa Rivera, Monte Tamaro Adventure Park, SBB railway station.<br \/>\nBike path starting from Camping Palazzina, Trekking and walks along the river.<br \/>\nRestaurant, showers and private toilets<\/p>\n<\/div><div class=\"sc_icons_columns_wrap sc_item_columns trx_addons_columns_wrap columns_padding_bottom\"><div class=\"trx_addons_column-1_3\"><div class=\"sc_icons_item sc_icons_item_linked\"><div id=\"sc_icons_2070151277_icon-008_tents\" class=\"sc_icons_icon sc_icon_type_ icon-008_tents\"\n\t\t\t\t\t\t style=\"color: #f2682a\"\t\t\t\t\t\t><span class=\"sc_icon_type_ icon-008_tents\" style=\"color: #f2682a\"><\/span><\/div><h4 class=\"sc_icons_item_title\"><span>Tende \/ Tent \/ Zelte<\/span><\/h4><a href=\"\/activities\/\" class=\"sc_icons_item_link\"><\/a><\/div><\/div><div class=\"trx_addons_column-1_3\"><div class=\"sc_icons_item sc_icons_item_linked\"><div id=\"sc_icons_2070151277_icon-truck\" class=\"sc_icons_icon sc_icon_type_ icon-truck\"\n\t\t\t\t\t\t style=\"color: #f2682a\"\t\t\t\t\t\t><span class=\"sc_icon_type_ icon-truck\" style=\"color: #f2682a\"><\/span><\/div><h4 class=\"sc_icons_item_title\"><span>Roulotte<\/span><\/h4><a href=\"\/activities\/\" class=\"sc_icons_item_link\"><\/a><\/div><\/div><div class=\"trx_addons_column-1_3\"><div class=\"sc_icons_item sc_icons_item_linked\"><div id=\"sc_icons_2070151277_icon-truck-light\" class=\"sc_icons_icon sc_icon_type_ icon-truck-light\"\n\t\t\t\t\t\t style=\"color: #f2682a\"\t\t\t\t\t\t><span class=\"sc_icon_type_ icon-truck-light\" style=\"color: #f2682a\"><\/span><\/div><h4 class=\"sc_icons_item_title\"><span>Camper<\/span><\/h4><a href=\"\/activities\/\" class=\"sc_icons_item_link\"><\/a><\/div><\/div><div class=\"trx_addons_column-1_3\"><div class=\"sc_icons_item\"><div id=\"sc_icons_2070151277_icon-home\" class=\"sc_icons_icon sc_icon_type_ icon-home\"\n\t\t\t\t\t\t style=\"color: #f2682a\"\t\t\t\t\t\t><span class=\"sc_icon_type_ icon-home\" style=\"color: #f2682a\"><\/span><\/div><h4 class=\"sc_icons_item_title\"><span>Ristorante<\/span><\/h4><\/div><\/div><div class=\"trx_addons_column-1_3\"><div class=\"sc_icons_item\"><div id=\"sc_icons_2070151277_icon-bathtub\" class=\"sc_icons_icon sc_icon_type_ icon-bathtub\"\n\t\t\t\t\t\t style=\"color: #f2682a\"\t\t\t\t\t\t><span class=\"sc_icon_type_ icon-bathtub\" style=\"color: #f2682a\"><\/span><\/div><h4 class=\"sc_icons_item_title\"><span>Docce e Servizi Igienici \/ Dusche und WC<\/span><\/h4><\/div><\/div><\/div><\/div><!-- \/.sc_icons -->[\/vc_column][vc_column width=&#8221;1\/2&#8243; hide_bg_image_on_tablet=&#8221;&#8221; hide_bg_image_on_mobile=&#8221;&#8221; icons_position=&#8221;left&#8221; css=&#8221;.vc_custom_1528968714514{margin-top: 6vw !important;}&#8221;][vc_single_image image=&#8221;1604&#8243; img_size=&#8221;619&#215;674&#8243;][\/vc_column][\/vc_row][vc_row full_width=&#8221;stretch_row&#8221; hide_bg_image_on_tablet=&#8221;&#8221; hide_bg_image_on_mobile=&#8221;&#8221; row_delimiter=&#8221;&#8221; hide_on_desktop=&#8221;&#8221; hide_on_notebook=&#8221;&#8221; hide_on_tablet=&#8221;&#8221; hide_on_mobile=&#8221;&#8221; hide_on_frontpage=&#8221;&#8221; css=&#8221;.vc_custom_1528968871658{margin-top: 6vw !important;margin-bottom: -1px !important;background-image: url(https:\/\/www.campingpalazzina.ch\/wp-content\/uploads\/2018\/04\/bg-footer.png?id=558) !important;background-position: top center !important;background-repeat: no-repeat !important;}&#8221;][vc_column hide_bg_image_on_tablet=&#8221;&#8221; hide_bg_image_on_mobile=&#8221;&#8221; icons_position=&#8221;left&#8221; css=&#8221;.vc_custom_1524663957365{background-size: cover !important;}&#8221;][vc_empty_space height=&#8221;7.5vw&#8221; alter_height=&#8221;none&#8221; hide_on_desktop=&#8221;&#8221; hide_on_notebook=&#8221;&#8221; hide_on_tablet=&#8221;&#8221; hide_on_mobile=&#8221;&#8221;][\/vc_column][\/vc_row][vc_row full_width=&#8221;stretch_row&#8221; hide_bg_image_on_tablet=&#8221;&#8221; hide_bg_image_on_mobile=&#8221;&#8221; css=&#8221;.vc_custom_1514475122564{background-color: #efeeea !important;}&#8221;][vc_column icons_position=&#8221;left&#8221;]<div  id=\"sc_team_284119877\"\t\tclass=\"sc_team color_style_default sc_team_short\"><h2 class=\"sc_item_title sc_team_title sc_align_center sc_item_title_style_default\">Il nostro team<\/h2><h6 class=\"sc_item_subtitle sc_team_subtitle sc_align_center sc_item_title_style_default\">staff<\/h6><div class=\"sc_team_columns_wrap sc_item_columns sc_item_posts_container trx_addons_columns_wrap columns_padding_bottom\"><div class=\"trx_addons_column-1_3\"><div class=\"sc_team_item no_links post-168 cpt_team type-cpt_team status-publish has-post-thumbnail hentry\">\n\t<div class=\"post_featured sc_team_item_thumb trx_addons_hover trx_addons_hover_style_info\"><a href=\"https:\/\/www.campingpalazzina.ch\/index.php\/team\/katia-scoglio\/\" aria-hidden=\"true\"><img loading=\"lazy\" decoding=\"async\" width=\"370\" height=\"370\" src=\"https:\/\/www.campingpalazzina.ch\/wp-content\/uploads\/2023\/01\/b07235d6-534c-4a0e-9fdf-dd724ab6ef2d-370x370.jpg\" class=\"attachment-trx_addons-thumb-avatar size-trx_addons-thumb-avatar wp-post-image\" alt=\"\" srcset=\"https:\/\/www.campingpalazzina.ch\/wp-content\/uploads\/2023\/01\/b07235d6-534c-4a0e-9fdf-dd724ab6ef2d-370x370.jpg 370w, https:\/\/www.campingpalazzina.ch\/wp-content\/uploads\/2023\/01\/b07235d6-534c-4a0e-9fdf-dd724ab6ef2d-150x150.jpg 150w, https:\/\/www.campingpalazzina.ch\/wp-content\/uploads\/2023\/01\/b07235d6-534c-4a0e-9fdf-dd724ab6ef2d-120x120.jpg 120w, https:\/\/www.campingpalazzina.ch\/wp-content\/uploads\/2023\/01\/b07235d6-534c-4a0e-9fdf-dd724ab6ef2d-600x600.jpg 600w\" sizes=\"auto, (max-width: 370px) 100vw, 370px\" \/><\/a><div class=\"trx_addons_hover_mask\"><\/div><\/div>\t<div class=\"sc_team_item_info\">\n\t\t<div class=\"sc_team_item_header\">\n\t\t\t<h5 class=\"sc_team_item_title\"><a href=\"https:\/\/www.campingpalazzina.ch\/index.php\/team\/katia-scoglio\/\">Katia Scoglio<\/a><\/h5>\n\t\t\t<div class=\"sc_team_item_subtitle\">Proprietaria<\/div>\n\t\t<\/div>\n                <div class=\"sc_team_item_socials socials_wrap trx_addons_hover_info\"><\/div>\n        \t<\/div>\n<\/div>\n<\/div><div class=\"trx_addons_column-1_3\"><div class=\"sc_team_item no_links post-166 cpt_team type-cpt_team status-publish has-post-thumbnail hentry\">\n\t<div class=\"post_featured sc_team_item_thumb trx_addons_hover trx_addons_hover_style_info\"><a href=\"https:\/\/www.campingpalazzina.ch\/index.php\/team\/delores-smith-2\/\" aria-hidden=\"true\"><img loading=\"lazy\" decoding=\"async\" width=\"370\" height=\"370\" src=\"https:\/\/www.campingpalazzina.ch\/wp-content\/uploads\/2017\/12\/PHOTO-2023-02-07-14-13-24-370x370.jpg\" class=\"attachment-trx_addons-thumb-avatar size-trx_addons-thumb-avatar wp-post-image\" alt=\"\" srcset=\"https:\/\/www.campingpalazzina.ch\/wp-content\/uploads\/2017\/12\/PHOTO-2023-02-07-14-13-24-370x370.jpg 370w, https:\/\/www.campingpalazzina.ch\/wp-content\/uploads\/2017\/12\/PHOTO-2023-02-07-14-13-24-150x150.jpg 150w, https:\/\/www.campingpalazzina.ch\/wp-content\/uploads\/2017\/12\/PHOTO-2023-02-07-14-13-24-120x120.jpg 120w, https:\/\/www.campingpalazzina.ch\/wp-content\/uploads\/2017\/12\/PHOTO-2023-02-07-14-13-24-600x600.jpg 600w\" sizes=\"auto, (max-width: 370px) 100vw, 370px\" \/><\/a><div class=\"trx_addons_hover_mask\"><\/div><\/div>\t<div class=\"sc_team_item_info\">\n\t\t<div class=\"sc_team_item_header\">\n\t\t\t<h5 class=\"sc_team_item_title\"><a href=\"https:\/\/www.campingpalazzina.ch\/index.php\/team\/delores-smith-2\/\">Luca Galetti<\/a><\/h5>\n\t\t\t<div class=\"sc_team_item_subtitle\">Ricezione<\/div>\n\t\t<\/div>\n                <div class=\"sc_team_item_socials socials_wrap trx_addons_hover_info\"><\/div>\n        \t<\/div>\n<\/div>\n<\/div><div class=\"trx_addons_column-1_3\"><div class=\"sc_team_item no_links post-164 cpt_team type-cpt_team status-publish has-post-thumbnail hentry\">\n\t<div class=\"post_featured sc_team_item_thumb trx_addons_hover trx_addons_hover_style_info\"><a href=\"https:\/\/www.campingpalazzina.ch\/index.php\/team\/delores-smith\/\" aria-hidden=\"true\"><img loading=\"lazy\" decoding=\"async\" width=\"370\" height=\"370\" src=\"https:\/\/www.campingpalazzina.ch\/wp-content\/uploads\/2017\/12\/PHOTO-2023-02-07-13-00-41-370x370.jpg\" class=\"attachment-trx_addons-thumb-avatar size-trx_addons-thumb-avatar wp-post-image\" alt=\"\" srcset=\"https:\/\/www.campingpalazzina.ch\/wp-content\/uploads\/2017\/12\/PHOTO-2023-02-07-13-00-41-370x370.jpg 370w, https:\/\/www.campingpalazzina.ch\/wp-content\/uploads\/2017\/12\/PHOTO-2023-02-07-13-00-41-150x150.jpg 150w, https:\/\/www.campingpalazzina.ch\/wp-content\/uploads\/2017\/12\/PHOTO-2023-02-07-13-00-41-120x120.jpg 120w, https:\/\/www.campingpalazzina.ch\/wp-content\/uploads\/2017\/12\/PHOTO-2023-02-07-13-00-41-600x600.jpg 600w\" sizes=\"auto, (max-width: 370px) 100vw, 370px\" \/><\/a><div class=\"trx_addons_hover_mask\"><\/div><\/div>\t<div class=\"sc_team_item_info\">\n\t\t<div class=\"sc_team_item_header\">\n\t\t\t<h5 class=\"sc_team_item_title\"><a href=\"https:\/\/www.campingpalazzina.ch\/index.php\/team\/delores-smith\/\">Luigi Scoglio<\/a><\/h5>\n\t\t\t<div class=\"sc_team_item_subtitle\">Fondatore - Founder<\/div>\n\t\t<\/div>\n                <div class=\"sc_team_item_socials socials_wrap trx_addons_hover_info\"><\/div>\n        \t<\/div>\n<\/div>\n<\/div><\/div><\/div><!-- \/.sc_team -->[\/vc_column][\/vc_row][vc_row full_width=&#8221;stretch_row&#8221; hide_bg_image_on_tablet=&#8221;&#8221; hide_bg_image_on_mobile=&#8221;&#8221; row_delimiter=&#8221;&#8221; hide_on_desktop=&#8221;&#8221; hide_on_notebook=&#8221;&#8221; hide_on_tablet=&#8221;&#8221; hide_on_mobile=&#8221;&#8221; hide_on_frontpage=&#8221;&#8221; css=&#8221;.vc_custom_1528968877924{margin-top: -1px !important;margin-bottom: 6vw !important;background-image: url(https:\/\/www.campingpalazzina.ch\/wp-content\/uploads\/2018\/05\/bg-bend.png?id=664) !important;background-position: bottom center !important;background-repeat: no-repeat !important;}&#8221;][vc_column hide_bg_image_on_tablet=&#8221;&#8221; hide_bg_image_on_mobile=&#8221;&#8221; icons_position=&#8221;left&#8221; css=&#8221;.vc_custom_1524663957365{background-size: cover !important;}&#8221;][vc_empty_space height=&#8221;7.5vw&#8221; alter_height=&#8221;none&#8221; hide_on_desktop=&#8221;&#8221; hide_on_notebook=&#8221;&#8221; hide_on_tablet=&#8221;&#8221; hide_on_mobile=&#8221;&#8221;][\/vc_column][\/vc_row][vc_row hide_bg_image_on_tablet=&#8221;&#8221; hide_bg_image_on_mobile=&#8221;&#8221; css=&#8221;.vc_custom_1528969451629{margin-top: -6vw !important;}&#8221;][vc_column width=&#8221;6\/12&#8243; hide_bg_image_on_tablet=&#8221;&#8221; hide_bg_image_on_mobile=&#8221;&#8221; icons_position=&#8221;left&#8221; css=&#8221;.vc_custom_1528969456701{margin-top: 6vw !important;}&#8221;][vc_single_image image=&#8221;1769&#8243; img_size=&#8221;619&#215;675&#8243;][\/vc_column][vc_column width=&#8221;1\/12&#8243; icons_position=&#8221;left&#8221;][\/vc_column][vc_column width=&#8221;5\/12&#8243; hide_bg_image_on_tablet=&#8221;&#8221; hide_bg_image_on_mobile=&#8221;&#8221; icons_position=&#8221;left&#8221; css=&#8221;.vc_custom_1528969467139{margin-top: 6vw !important;}&#8221;][vc_empty_space height=&#8221;4vw&#8221; alter_height=&#8221;none&#8221; hide_on_desktop=&#8221;&#8221; hide_on_notebook=&#8221;&#8221; hide_on_tablet=&#8221;1&#8243; hide_on_mobile=&#8221;1&#8243;]<div id=\"sc_title_37139135\"\n\t\tclass=\"sc_title color_style_default sc_title_default  vc_custom_1675765155148\"><h2 class=\"sc_item_title sc_title_title sc_align_center sc_item_title_style_default\">I nostri vantaggi ( Unsere Vorteile<\/h2><h6 class=\"sc_item_subtitle sc_title_subtitle sc_align_center sc_item_title_style_default\">Our skills<\/h6><div class=\"sc_item_descr sc_title_descr sc_align_center\"><p>Il Camping Palazzine \u00e8 ubicato in una posizione strategica tra Bellinzona e Lugano. Comodo accesso da e per l'autostrada A2 e la stazione ferroviaria FFS. Vicino al fiume Vedeggio offre inoltre accesso a sentieri adatti sia alle camminate che alla MTB.<br \/>\nDer Campingplatz Palazzine liegt strategisch g\u00fcnstig zwischen Bellinzona und Lugano. Bequemer Zugang zur und von der Autobahn A2 und dem Bahnhof der FFS. In der N\u00e4he des Flusses Vedeggio bietet es au\u00dferdem Zugang zu Wander- und Mountainbikestrecken.<\/p>\n<\/div><\/div><!-- \/.sc_title -->[vc_progress_bar values=&#8221;%5B%7B%22label%22%3A%22Comodo%20accesso%20%2F%20Komfortabler%20Zugang%20%2F%20Easy%20Access%22%2C%22value%22%3A%2290%22%2C%22color%22%3A%22custom%22%2C%22customcolor%22%3A%22%23f2682a%22%7D%2C%7B%22label%22%3A%22Attivit%C3%A0%20vicine%20%2F%20Nearby%20activities%20%2F%20Aktivit%C3%A4ten%20in%20der%20N%C3%A4he%22%2C%22value%22%3A%2298%22%2C%22color%22%3A%22custom%22%2C%22customcolor%22%3A%22%23f2682a%22%7D%2C%7B%22label%22%3A%22Ristorante%20%2F%20Restaurant%22%2C%22value%22%3A%22100%22%2C%22color%22%3A%22custom%22%2C%22customcolor%22%3A%22%23f2682a%22%7D%2C%7B%22label%22%3A%22vicino%20alla%20natura%20%2F%20Nah%20an%20der%20Natur%20%2F%20Close%20to%20nature%22%2C%22value%22%3A%2287%22%2C%22color%22%3A%22custom%22%2C%22customcolor%22%3A%22%23f2682a%22%7D%5D&#8221; narrow=&#8221;1&#8243; inverse=&#8221;1&#8243; units=&#8221;%&#8221; css=&#8221;.vc_custom_1675765761307{margin-top: 4vw !important;}&#8221;][\/vc_column][\/vc_row][vc_row full_width=&#8221;stretch_row_content_no_spaces&#8221;][vc_column icons_position=&#8221;left&#8221;][vc_empty_space height=&#8221;6.8vw&#8221; alter_height=&#8221;none&#8221; hide_on_desktop=&#8221;&#8221; hide_on_notebook=&#8221;&#8221; hide_on_tablet=&#8221;&#8221; hide_on_mobile=&#8221;&#8221;][\/vc_column][\/vc_row][vc_row][vc_column icons_position=&#8221;left&#8221;][vc_gallery type=&#8221;image_grid&#8221; images=&#8221;1773,1772,1771,1757,1753,1695,1689,1680,1630,1628,1625,1600&#8243; img_size=&#8221;medium&#8221;][\/vc_column][\/vc_row]<\/p>\n","protected":false},"excerpt":{"rendered":"<p>[vc_row hide_bg_image_on_tablet=&#8221;&#8221; hide_bg_image_on_mobile=&#8221;&#8221; css=&#8221;.vc_custom_1528968706455{margin-top: -6vw !important;}&#8221;][vc_column width=&#8221;1\/2&#8243; hide_bg_image_on_tablet=&#8221;&#8221; hide_bg_image_on_mobile=&#8221;&#8221; icons_position=&#8221;left&#8221; css=&#8221;.vc_custom_1528968710266{margin-top: 6vw !important;}&#8221;][vc_empty_space height=&#8221;4vw&#8221; alter_height=&#8221;none&#8221; hide_on_desktop=&#8221;&#8221; hide_on_notebook=&#8221;&#8221; hide_on_tablet=&#8221;1&#8243; hide_on_mobile=&#8221;1&#8243;][\/vc_column][vc_column width=&#8221;1\/2&#8243; hide_bg_image_on_tablet=&#8221;&#8221; hide_bg_image_on_mobile=&#8221;&#8221; icons_position=&#8221;left&#8221; css=&#8221;.vc_custom_1528968714514{margin-top: 6vw !important;}&#8221;][vc_single_image image=&#8221;1604&#8243; img_size=&#8221;619&#215;674&#8243;][\/vc_column][\/vc_row][vc_row full_width=&#8221;stretch_row&#8221; hide_bg_image_on_tablet=&#8221;&#8221; hide_bg_image_on_mobile=&#8221;&#8221; row_delimiter=&#8221;&#8221; hide_on_desktop=&#8221;&#8221; hide_on_notebook=&#8221;&#8221; hide_on_tablet=&#8221;&#8221; hide_on_mobile=&#8221;&#8221; hide_on_frontpage=&#8221;&#8221; css=&#8221;.vc_custom_1528968871658{margin-top: 6vw !important;margin-bottom: -1px !important;background-image: url(https:\/\/www.campingpalazzina.ch\/wp-content\/uploads\/2018\/04\/bg-footer.png?id=558) !important;background-position: top center !important;background-repeat: no-repeat !important;}&#8221;][vc_column hide_bg_image_on_tablet=&#8221;&#8221; hide_bg_image_on_mobile=&#8221;&#8221; icons_position=&#8221;left&#8221; css=&#8221;.vc_custom_1524663957365{background-size: cover !important;}&#8221;][vc_empty_space height=&#8221;7.5vw&#8221; alter_height=&#8221;none&#8221; hide_on_desktop=&#8221;&#8221; hide_on_notebook=&#8221;&#8221; hide_on_tablet=&#8221;&#8221;&hellip;<\/p>\n","protected":false},"author":1,"featured_media":0,"parent":0,"menu_order":0,"comment_status":"closed","ping_status":"closed","template":"","meta":{"footnotes":""},"class_list":["post-90","page","type-page","status-publish","hentry"],"_links":{"self":[{"href":"https:\/\/www.campingpalazzina.ch\/index.php\/wp-json\/wp\/v2\/pages\/90","targetHints":{"allow":["GET"]}}],"collection":[{"href":"https:\/\/www.campingpalazzina.ch\/index.php\/wp-json\/wp\/v2\/pages"}],"about":[{"href":"https:\/\/www.campingpalazzina.ch\/index.php\/wp-json\/wp\/v2\/types\/page"}],"author":[{"embeddable":true,"href":"https:\/\/www.campingpalazzina.ch\/index.php\/wp-json\/wp\/v2\/users\/1"}],"replies":[{"embeddable":true,"href":"https:\/\/www.campingpalazzina.ch\/index.php\/wp-json\/wp\/v2\/comments?post=90"}],"version-history":[{"count":6,"href":"https:\/\/www.campingpalazzina.ch\/index.php\/wp-json\/wp\/v2\/pages\/90\/revisions"}],"predecessor-version":[{"id":1834,"href":"https:\/\/www.campingpalazzina.ch\/index.php\/wp-json\/wp\/v2\/pages\/90\/revisions\/1834"}],"wp:attachment":[{"href":"https:\/\/www.campingpalazzina.ch\/index.php\/wp-json\/wp\/v2\/media?parent=90"}],"curies":[{"name":"wp","href":"https:\/\/api.w.org\/{rel}","templated":true}]}}